{"id":452,"date":"2025-07-02T09:28:29","date_gmt":"2025-07-02T07:28:29","guid":{"rendered":"https:\/\/fonbuena.com\/aviso-legal\/"},"modified":"2025-09-23T16:04:07","modified_gmt":"2025-09-23T14:04:07","slug":"aviso-legal","status":"publish","type":"page","link":"https:\/\/fonbuena.com\/pt-pt\/aviso-legal\/","title":{"rendered":"Aviso Legal"},"content":{"rendered":"<p><div class=\"fusion-fullwidth fullwidth-box fusion-builder-row-1 fusion-flex-container has-pattern-background has-mask-background nonhundred-percent-fullwidth non-hundred-percent-height-scrolling\" style=\"--awb-border-radius-top-left:0px;--awb-border-radius-top-right:0px;--awb-border-radius-bottom-right:0px;--awb-border-radius-bottom-left:0px;--awb-min-height:25vh;--awb-background-color:var(--awb-color4);--awb-flex-wrap:wrap;\" ><div class=\"fusion-builder-row fusion-row fusion-flex-align-items-flex-end fusion-flex-content-wrap\" style=\"max-width:1372.8px;margin-left: calc(-4% \/ 2 );margin-right: calc(-4% \/ 2 );\"><div class=\"fusion-layout-column fusion_builder_column fusion-builder-column-0 fusion_builder_column_1_1 1_1 fusion-flex-column\" style=\"--awb-bg-size:cover;--awb-width-large:100%;--awb-margin-top-large:0px;--awb-spacing-right-large:1.92%;--awb-margin-bottom-large:20px;--awb-spacing-left-large:1.92%;--awb-width-medium:100%;--awb-order-medium:0;--awb-spacing-right-medium:1.92%;--awb-spacing-left-medium:1.92%;--awb-width-small:100%;--awb-order-small:0;--awb-spacing-right-small:1.92%;--awb-spacing-left-small:1.92%;\"><div class=\"fusion-column-wrapper fusion-column-has-shadow fusion-flex-justify-content-flex-start fusion-content-layout-column\"><div class=\"fusion-title title fusion-title-1 fusion-sep-none fusion-title-text fusion-title-size-one\" style=\"--awb-text-color:var(--awb-color1);\"><h1 class=\"fusion-title-heading title-heading-left fusion-responsive-typography-calculated\" style=\"margin:0;--fontSize:60;line-height:var(--awb-typography1-line-height);\">Aviso Legal<\/h1><\/div><\/div><\/div><\/div><\/div><div class=\"fusion-fullwidth fullwidth-box fusion-builder-row-2 fusion-flex-container has-pattern-background has-mask-background nonhundred-percent-fullwidth non-hundred-percent-height-scrolling\" style=\"--awb-border-radius-top-left:0px;--awb-border-radius-top-right:0px;--awb-border-radius-bottom-right:0px;--awb-border-radius-bottom-left:0px;--awb-flex-wrap:wrap;\" ><div class=\"fusion-builder-row fusion-row fusion-flex-align-items-flex-start fusion-flex-content-wrap\" style=\"max-width:1372.8px;margin-left: calc(-4% \/ 2 );margin-right: calc(-4% \/ 2 );\"><div class=\"fusion-layout-column fusion_builder_column fusion-builder-column-1 fusion_builder_column_1_1 1_1 fusion-flex-column\" style=\"--awb-bg-size:cover;--awb-width-large:100%;--awb-margin-top-large:0px;--awb-spacing-right-large:1.92%;--awb-margin-bottom-large:20px;--awb-spacing-left-large:1.92%;--awb-width-medium:100%;--awb-order-medium:0;--awb-spacing-right-medium:1.92%;--awb-spacing-left-medium:1.92%;--awb-width-small:100%;--awb-order-small:0;--awb-spacing-right-small:1.92%;--awb-spacing-left-small:1.92%;\"><div class=\"fusion-column-wrapper fusion-column-has-shadow fusion-flex-justify-content-flex-start fusion-content-layout-column\"><div class=\"fusion-text fusion-text-1\"><h3><strong>1. TITULAR DO SITE WEB<\/strong><\/h3>\n<p>Em cumprimento do dever de informa\u00e7\u00e3o contemplado no artigo 10 da vigente Lei 34\/2002, de 11 de julho, de Servi\u00e7os da Sociedade da Informa\u00e7\u00e3o e de Com\u00e9rcio Eletr\u00f3nico, comunicamos-lhe que o respons\u00e1vel do site onde pode descarregar diferentes aplica\u00e7\u00f5es \u00e9:<\/p>\n<p>\u2022 Denomina\u00e7\u00e3o social: FONBUENA SIGLO XXI S.L.<br \/>\n\u2022 NIF: B99006553<br \/>\n\u2022 Domic\u00edlio social: Paseo Sagasta 17, 2\u00ba direita A \u00b7 50008 Zaragoza (Espanha)<br \/>\n\u2022 Telefone de contacto: 976 242 490<br \/>\n\u2022 Endere\u00e7o de correio eletr\u00f3nico: cnivela@fonbuena.com<\/p>\n<p>\u2022 Registos oficiais:<br \/>\nRegisto Comercial de Zaragoza, Tomo 3059, Livro 0, Folha 189, Ficha n\u00famero Z-35.585, Inscri\u00e7\u00e3o: 1\u00aa.<br \/>\n\u2022 Marca junto da O.E.P.M.: Processo<br \/>\n\u2022 Normativa aplic\u00e1vel pela profiss\u00e3o e\/ou c\u00f3digos de conduta:<br \/>\n\u2022 Site da FONBUENA SIGLO XXI S.L.:<br \/>\n\u2022 P\u00e1gina principal: www.preservativoson.com<\/p>\n<h3><strong>2. RESPONSABILIDADE DOS UTILIZADORES PELO USO E CONTE\u00daDO<\/strong><\/h3>\n<p>Tanto o acesso aos websites como o uso que possa ser feito da informa\u00e7\u00e3o e conte\u00fados inclu\u00eddos nos mesmos ser\u00e1 de exclusiva responsabilidade de quem o realize.<br \/>\nPortanto, o uso que possa ser feito da informa\u00e7\u00e3o, imagens, conte\u00fados e\/ou produtos mencionados e acess\u00edveis atrav\u00e9s do mesmo estar\u00e1 sujeito \u00e0 legalidade, seja nacional ou internacional, aplic\u00e1vel, assim como aos princ\u00edpios de boa-f\u00e9 e uso l\u00edcito por parte dos Utilizadores, que ser\u00e3o inteiramente respons\u00e1veis por esse acesso e uso correto.<\/p>\n<p>Os Utilizadores estar\u00e3o obrigados a fazer um uso razo\u00e1vel dos servi\u00e7os ou conte\u00fados, sob o princ\u00edpio da boa-f\u00e9 e com respeito \u00e0 legalidade vigente, \u00e0 moral, \u00e0 ordem p\u00fablica, aos bons costumes, aos direitos de terceiros ou da pr\u00f3pria FONBUENA SIGLO XXI S.L., tudo isto segundo as possibilidades e fins para os quais est\u00e3o concebidos. A FONBUENA SIGLO XXI S.L. n\u00e3o assume responsabilidades, sejam diretas ou indiretas, por danos emergentes ou lucros cessantes, derivados do mau uso dos servi\u00e7os ou conte\u00fados realizado pelos Utilizadores ou terceiros.<\/p>\n<h3><strong>3. CONCEITO DE UTILIZADOR<\/strong><\/h3>\n<p>A utiliza\u00e7\u00e3o da Web atribui a condi\u00e7\u00e3o de Utilizador, e implica a aceita\u00e7\u00e3o plena e sem reservas de todas e cada uma das disposi\u00e7\u00f5es inclu\u00eddas neste Aviso Legal na vers\u00e3o publicada pela FONBUENA SIGLO XXI S.L. no mesmo momento em que o Utilizador acede \u00e0 web. Em consequ\u00eancia, o Utilizador deve ler atentamente o presente Aviso Legal em cada uma das ocasi\u00f5es em que se proponha utilizar a Web, j\u00e1 que pode sofrer modifica\u00e7\u00f5es.<\/p>\n<h3><strong>4. IDIOMA OFICIAL DA P\u00c1GINA<\/strong><\/h3>\n<p>O idioma legalmente estabelecido \u00e9 o espanhol de Espanha, portanto, perante qualquer tradu\u00e7\u00e3o deste aviso legal para qualquer outro idioma, entender-se-\u00e3o como vinculantes, tanto no Aviso Legal como nas condi\u00e7\u00f5es do servi\u00e7o, as cl\u00e1usulas originais em espanhol.<\/p>\n<h3><strong>5. REDES SOCIAIS<\/strong><\/h3>\n<p>A FONBUENA SIGLO XXI S.L. tem ou pode ter algum perfil aberto nas principais redes sociais, em todas as redes nas quais esteja, reconhece-se como respons\u00e1vel pelo tratamento dos dados que os seus utilizadores e\/ou seguidores da empresa tenham inclu\u00eddo no perfil da empresa.<\/p>\n<p>O tratamento que a FONBUENA SIGLO XXI S.L. levar\u00e1 a cabo com esses dados ser\u00e1 o que a rede social permita aos perfis empresariais dentro das suas pol\u00edticas como rede social. Assim, a FONBUENA SIGLO XXI S.L. poder\u00e1 informar os seus seguidores por qualquer via que a rede social permita sobre as suas atividades, novos produtos, atos e eventos, assim como ofertas de servi\u00e7o personalizado de apoio ao cliente. A FONBUENA SIGLO XXI S.L. n\u00e3o extrair\u00e1 dados das redes sociais, salvo que se obtenha expressamente o consentimento do utilizador para tal.<br \/>\nEm nenhum caso a FONBUENA SIGLO XXI S.L. ser\u00e1 respons\u00e1vel pelo tratamento desses dados, pelo que o utilizador d\u00e1 o seu consentimento expresso \u00e0 rede social para que os tratemos, ao mesmo tempo que pode revogar esse consentimento atrav\u00e9s da mesma rede social.<\/p>\n<h3><strong>6. INFORMA\u00c7\u00c3O SOBRE LINKS<\/strong><\/h3>\n<p>A FONBUENA SIGLO XXI S.L. n\u00e3o se responsabiliza pelos websites n\u00e3o pr\u00f3prios aos quais se pode aceder mediante v\u00ednculos \u00ablinks\u00bb ou de qualquer conte\u00fado disponibilizado por terceiros.<\/p>\n<p>Qualquer uso de um v\u00ednculo ou acesso a uma web n\u00e3o pr\u00f3pria \u00e9 realizado por vontade e risco exclusivo do utilizador e a FONBUENA SIGLO XXI S.L. n\u00e3o recomenda nem garante qualquer informa\u00e7\u00e3o obtida atrav\u00e9s de um v\u00ednculo alheio, nem se responsabiliza por qualquer perda, reclama\u00e7\u00e3o ou preju\u00edzo derivado do uso ou mau uso de um v\u00ednculo, ou da informa\u00e7\u00e3o obtida atrav\u00e9s dele, incluindo outros v\u00ednculos ou webs, da interrup\u00e7\u00e3o no servi\u00e7o ou no acesso, ou da tentativa de usar ou usar mal um v\u00ednculo, tanto ao conectar-se \u00e0 Web da FONBUENA SIGLO XXI S.L., como ao aceder \u00e0 informa\u00e7\u00e3o de outras webs a partir da Web da FONBUENA SIGLO XXI S.L.<\/p>\n<h3><strong>7. POL\u00cdTICA DE COOKIES<\/strong><\/h3>\n<p><strong>A. INFORMA\u00c7\u00c3O SOBRE A UTILIZA\u00c7\u00c3O DE COOKIES \u2013 LEI DE COOKIES<\/strong><br \/>\nNeste site podem ser utilizadas cookies em algumas p\u00e1ginas. A finalidade dessas cookies \u00e9 melhorar o servi\u00e7o que se oferece aos clientes e visitantes. Em caso de serem instaladas, o administrador deste site solicitar\u00e1 o seu consentimento para o fazer, e ter\u00e1 a op\u00e7\u00e3o de aceit\u00e1-lo.<\/p>\n<p>(&#8230;)<\/p>\n<h3><strong>8. REN\u00daNCIA E LIMITA\u00c7\u00c3O DE RESPONSABILIDADE<\/strong><\/h3>\n<p>A informa\u00e7\u00e3o e servi\u00e7os inclu\u00eddos ou dispon\u00edveis atrav\u00e9s das p\u00e1ginas web podem conter incorre\u00e7\u00f5es ou erros tipogr\u00e1ficos. Periodicamente s\u00e3o incorporadas altera\u00e7\u00f5es \u00e0 informa\u00e7\u00e3o contida. A FONBUENA SIGLO XXI S.L. pode introduzir em qualquer momento melhorias e\/ou mudan\u00e7as nos servi\u00e7os ou conte\u00fados.<\/p>\n<p>(&#8230;)<\/p>\n<h3><strong>9. INFORMA\u00c7\u00c3O SOBRE ISEN\u00c7\u00c3O DE RESPONSABILIDADE POR FALHAS T\u00c9CNICAS OU DE CONTE\u00daDO<\/strong><\/h3>\n<p>A FONBUENA SIGLO XXI S.L. declina qualquer responsabilidade em caso de existirem interrup\u00e7\u00f5es ou mau funcionamento dos servi\u00e7os ou conte\u00fados oferecidos na Internet, qualquer que seja a sua causa. (&#8230;)<\/p>\n<h3><strong>10. PROPRIEDADE INDUSTRIAL E INTELECTUAL<\/strong><\/h3>\n<p>Os conte\u00fados fornecidos pela FONBUENA SIGLO XXI S.L., assim como os conte\u00fados disponibilizados na rede atrav\u00e9s das suas p\u00e1ginas web, constituem uma obra no sentido da legisla\u00e7\u00e3o sobre propriedade intelectual e est\u00e3o protegidos pelas leis e conven\u00e7\u00f5es internacionais aplic\u00e1veis na mat\u00e9ria. (&#8230;)<\/p>\n<h3><strong>11. RESOLU\u00c7\u00c3O DE CONFLITOS<\/strong><\/h3>\n<p>Este aviso legal n\u00e3o ser\u00e1 arquivado individualmente para cada utilizador, mas permanecer\u00e1 acess\u00edvel atrav\u00e9s da Internet nesta p\u00e1gina web. \u00c9 acess\u00edvel mediante a liga\u00e7\u00e3o que cada utilizador tenha no seu sistema de liga\u00e7\u00e3o.<\/p>\n<p>Os utilizadores que tenham a condi\u00e7\u00e3o de consumidores ou utilizadores conforme definidos pela normativa espanhola e residam na Uni\u00e3o Europeia, se tiverem tido um problema com uma compra realizada \u00e0 FONBUENA SIGLO XXI S.L., para tentar chegar a um acordo extrajudicial podem recorrer \u00e0 Plataforma de Resolu\u00e7\u00e3o de Lit\u00edgios em Linha, criada pela Uni\u00e3o Europeia e desenvolvida pela Comiss\u00e3o Europeia ao abrigo do Regulamento (UE) 524\/2013. (&#8230;)<\/p>\n<p>Sempre que o Utilizador n\u00e3o seja consumidor ou utilizador, e quando n\u00e3o haja norma que obrigue a outra coisa, as partes acordam submeter-se aos Tribunais de Zaragoza, por ser este o local de celebra\u00e7\u00e3o do contrato, com ren\u00fancia expressa a qualquer outra jurisdi\u00e7\u00e3o que lhes pudesse corresponder.<\/p>\n<h3><strong>12. LEGISLA\u00c7\u00c3O<\/strong><\/h3>\n<p>As leis que regem esta p\u00e1gina web s\u00e3o as leis espanholas. No caso da pol\u00edtica de privacidade aplica-se o Regulamento Europeu de Prote\u00e7\u00e3o de Dados 679\/2016.<\/p>\n<p>Aviso Legal redigido por HONOS ABOGADOS S.L.P. para FONBUENA SIGLO XXI S.L. em cumprimento do RGPD 679\/2016 sobre prote\u00e7\u00e3o de dados de car\u00e1ter pessoal e da LSSI (Lei de Servi\u00e7os da Sociedade da Informa\u00e7\u00e3o), 34\/2002, al\u00e9m da legisla\u00e7\u00e3o sobre Propriedade Intelectual. Os conte\u00fados deste aviso legal encontram-se registados no Registo de Propriedade Intelectual Safe Creative, com c\u00f3digo de registo 1602176603277. Pro\u00edbe-se a reprodu\u00e7\u00e3o total ou parcial do mesmo.<\/p>\n<\/div><\/div><\/div><\/div><\/div><\/p>\n","protected":false},"excerpt":{"rendered":"","protected":false},"author":1,"featured_media":0,"parent":0,"menu_order":0,"comment_status":"closed","ping_status":"closed","template":"100-width.php","meta":{"footnotes":""},"class_list":["post-452","page","type-page","status-publish","hentry"],"yoast_head":"<!-- This site is optimized with the Yoast SEO plugin v26.1.1 - https:\/\/yoast.com\/wordpress\/plugins\/seo\/ -->\n<title>Aviso Legal - Fonbuena<\/title>\n<meta name=\"robots\" content=\"index, follow, max-snippet:-1, max-image-preview:large, max-video-preview:-1\" \/>\n<link rel=\"canonical\" href=\"https:\/\/fonbuena.com\/pt-pt\/aviso-legal\/\" \/>\n<meta property=\"og:locale\" content=\"pt_PT\" \/>\n<meta property=\"og:type\" content=\"article\" \/>\n<meta property=\"og:title\" content=\"Aviso Legal - Fonbuena\" \/>\n<meta property=\"og:url\" content=\"https:\/\/fonbuena.com\/pt-pt\/aviso-legal\/\" \/>\n<meta property=\"og:site_name\" content=\"Fonbuena\" \/>\n<meta property=\"article:modified_time\" content=\"2025-09-23T14:04:07+00:00\" \/>\n<meta name=\"twitter:card\" content=\"summary_large_image\" \/>\n<meta name=\"twitter:label1\" content=\"Tempo estimado de leitura\" \/>\n\t<meta name=\"twitter:data1\" content=\"18 minutos\" \/>\n<script type=\"application\/ld+json\" class=\"yoast-schema-graph\">{\"@context\":\"https:\/\/schema.org\",\"@graph\":[{\"@type\":\"WebPage\",\"@id\":\"https:\/\/fonbuena.com\/pt-pt\/aviso-legal\/\",\"url\":\"https:\/\/fonbuena.com\/pt-pt\/aviso-legal\/\",\"name\":\"Aviso Legal - Fonbuena\",\"isPartOf\":{\"@id\":\"https:\/\/fonbuena.com\/pt-pt\/#website\"},\"datePublished\":\"2025-07-02T07:28:29+00:00\",\"dateModified\":\"2025-09-23T14:04:07+00:00\",\"breadcrumb\":{\"@id\":\"https:\/\/fonbuena.com\/pt-pt\/aviso-legal\/#breadcrumb\"},\"inLanguage\":\"pt-PT\",\"potentialAction\":[{\"@type\":\"ReadAction\",\"target\":[\"https:\/\/fonbuena.com\/pt-pt\/aviso-legal\/\"]}]},{\"@type\":\"BreadcrumbList\",\"@id\":\"https:\/\/fonbuena.com\/pt-pt\/aviso-legal\/#breadcrumb\",\"itemListElement\":[{\"@type\":\"ListItem\",\"position\":1,\"name\":\"Portada\",\"item\":\"https:\/\/fonbuena.com\/pt-pt\/\"},{\"@type\":\"ListItem\",\"position\":2,\"name\":\"Aviso Legal\"}]},{\"@type\":\"WebSite\",\"@id\":\"https:\/\/fonbuena.com\/pt-pt\/#website\",\"url\":\"https:\/\/fonbuena.com\/pt-pt\/\",\"name\":\"Fonbuena\",\"description\":\"Distribuidor de preservativos Okamoto\",\"potentialAction\":[{\"@type\":\"SearchAction\",\"target\":{\"@type\":\"EntryPoint\",\"urlTemplate\":\"https:\/\/fonbuena.com\/pt-pt\/?s={search_term_string}\"},\"query-input\":{\"@type\":\"PropertyValueSpecification\",\"valueRequired\":true,\"valueName\":\"search_term_string\"}}],\"inLanguage\":\"pt-PT\"}]}<\/script>\n<!-- \/ Yoast SEO plugin. -->","yoast_head_json":{"title":"Aviso Legal - Fonbuena","robots":{"index":"index","follow":"follow","max-snippet":"max-snippet:-1","max-image-preview":"max-image-preview:large","max-video-preview":"max-video-preview:-1"},"canonical":"https:\/\/fonbuena.com\/pt-pt\/aviso-legal\/","og_locale":"pt_PT","og_type":"article","og_title":"Aviso Legal - Fonbuena","og_url":"https:\/\/fonbuena.com\/pt-pt\/aviso-legal\/","og_site_name":"Fonbuena","article_modified_time":"2025-09-23T14:04:07+00:00","twitter_card":"summary_large_image","twitter_misc":{"Tempo estimado de leitura":"18 minutos"},"schema":{"@context":"https:\/\/schema.org","@graph":[{"@type":"WebPage","@id":"https:\/\/fonbuena.com\/pt-pt\/aviso-legal\/","url":"https:\/\/fonbuena.com\/pt-pt\/aviso-legal\/","name":"Aviso Legal - Fonbuena","isPartOf":{"@id":"https:\/\/fonbuena.com\/pt-pt\/#website"},"datePublished":"2025-07-02T07:28:29+00:00","dateModified":"2025-09-23T14:04:07+00:00","breadcrumb":{"@id":"https:\/\/fonbuena.com\/pt-pt\/aviso-legal\/#breadcrumb"},"inLanguage":"pt-PT","potentialAction":[{"@type":"ReadAction","target":["https:\/\/fonbuena.com\/pt-pt\/aviso-legal\/"]}]},{"@type":"BreadcrumbList","@id":"https:\/\/fonbuena.com\/pt-pt\/aviso-legal\/#breadcrumb","itemListElement":[{"@type":"ListItem","position":1,"name":"Portada","item":"https:\/\/fonbuena.com\/pt-pt\/"},{"@type":"ListItem","position":2,"name":"Aviso Legal"}]},{"@type":"WebSite","@id":"https:\/\/fonbuena.com\/pt-pt\/#website","url":"https:\/\/fonbuena.com\/pt-pt\/","name":"Fonbuena","description":"Distribuidor de preservativos Okamoto","potentialAction":[{"@type":"SearchAction","target":{"@type":"EntryPoint","urlTemplate":"https:\/\/fonbuena.com\/pt-pt\/?s={search_term_string}"},"query-input":{"@type":"PropertyValueSpecification","valueRequired":true,"valueName":"search_term_string"}}],"inLanguage":"pt-PT"}]}},"_links":{"self":[{"href":"https:\/\/fonbuena.com\/pt-pt\/wp-json\/wp\/v2\/pages\/452","targetHints":{"allow":["GET"]}}],"collection":[{"href":"https:\/\/fonbuena.com\/pt-pt\/wp-json\/wp\/v2\/pages"}],"about":[{"href":"https:\/\/fonbuena.com\/pt-pt\/wp-json\/wp\/v2\/types\/page"}],"author":[{"embeddable":true,"href":"https:\/\/fonbuena.com\/pt-pt\/wp-json\/wp\/v2\/users\/1"}],"replies":[{"embeddable":true,"href":"https:\/\/fonbuena.com\/pt-pt\/wp-json\/wp\/v2\/comments?post=452"}],"version-history":[{"count":2,"href":"https:\/\/fonbuena.com\/pt-pt\/wp-json\/wp\/v2\/pages\/452\/revisions"}],"predecessor-version":[{"id":568,"href":"https:\/\/fonbuena.com\/pt-pt\/wp-json\/wp\/v2\/pages\/452\/revisions\/568"}],"wp:attachment":[{"href":"https:\/\/fonbuena.com\/pt-pt\/wp-json\/wp\/v2\/media?parent=452"}],"curies":[{"name":"wp","href":"https:\/\/api.w.org\/{rel}","templated":true}]}}