{"id":471,"date":"2025-07-02T09:28:39","date_gmt":"2025-07-02T07:28:39","guid":{"rendered":"https:\/\/fonbuena.com\/politica-de-cookies\/"},"modified":"2025-09-23T16:03:00","modified_gmt":"2025-09-23T14:03:00","slug":"politica-de-cookies","status":"publish","type":"page","link":"https:\/\/fonbuena.com\/pt-pt\/politica-de-cookies\/","title":{"rendered":"Pol\u00edtica de cookies"},"content":{"rendered":"<p><div class=\"fusion-fullwidth fullwidth-box fusion-builder-row-1 fusion-flex-container has-pattern-background has-mask-background nonhundred-percent-fullwidth non-hundred-percent-height-scrolling\" style=\"--awb-border-radius-top-left:0px;--awb-border-radius-top-right:0px;--awb-border-radius-bottom-right:0px;--awb-border-radius-bottom-left:0px;--awb-min-height:25vh;--awb-background-color:var(--awb-color4);--awb-flex-wrap:wrap;\" ><div class=\"fusion-builder-row fusion-row fusion-flex-align-items-flex-end fusion-flex-content-wrap\" style=\"max-width:1372.8px;margin-left: calc(-4% \/ 2 );margin-right: calc(-4% \/ 2 );\"><div class=\"fusion-layout-column fusion_builder_column fusion-builder-column-0 fusion_builder_column_1_1 1_1 fusion-flex-column\" style=\"--awb-bg-size:cover;--awb-width-large:100%;--awb-margin-top-large:0px;--awb-spacing-right-large:1.92%;--awb-margin-bottom-large:20px;--awb-spacing-left-large:1.92%;--awb-width-medium:100%;--awb-order-medium:0;--awb-spacing-right-medium:1.92%;--awb-spacing-left-medium:1.92%;--awb-width-small:100%;--awb-order-small:0;--awb-spacing-right-small:1.92%;--awb-spacing-left-small:1.92%;\"><div class=\"fusion-column-wrapper fusion-column-has-shadow fusion-flex-justify-content-flex-start fusion-content-layout-column\"><div class=\"fusion-title title fusion-title-1 fusion-sep-none fusion-title-text fusion-title-size-one\" style=\"--awb-text-color:var(--awb-color1);\"><h1 class=\"fusion-title-heading title-heading-left fusion-responsive-typography-calculated\" style=\"margin:0;--fontSize:60;line-height:var(--awb-typography1-line-height);\">Pol\u00edtica de cookies<\/h1><\/div><\/div><\/div><\/div><\/div><div class=\"fusion-fullwidth fullwidth-box fusion-builder-row-2 fusion-flex-container has-pattern-background has-mask-background nonhundred-percent-fullwidth non-hundred-percent-height-scrolling\" style=\"--awb-border-radius-top-left:0px;--awb-border-radius-top-right:0px;--awb-border-radius-bottom-right:0px;--awb-border-radius-bottom-left:0px;--awb-flex-wrap:wrap;\" ><div class=\"fusion-builder-row fusion-row fusion-flex-align-items-flex-start fusion-flex-content-wrap\" style=\"max-width:1372.8px;margin-left: calc(-4% \/ 2 );margin-right: calc(-4% \/ 2 );\"><div class=\"fusion-layout-column fusion_builder_column fusion-builder-column-1 fusion_builder_column_1_1 1_1 fusion-flex-column\" style=\"--awb-bg-size:cover;--awb-width-large:100%;--awb-margin-top-large:0px;--awb-spacing-right-large:1.92%;--awb-margin-bottom-large:20px;--awb-spacing-left-large:1.92%;--awb-width-medium:100%;--awb-order-medium:0;--awb-spacing-right-medium:1.92%;--awb-spacing-left-medium:1.92%;--awb-width-small:100%;--awb-order-small:0;--awb-spacing-right-small:1.92%;--awb-spacing-left-small:1.92%;\"><div class=\"fusion-column-wrapper fusion-column-has-shadow fusion-flex-justify-content-flex-start fusion-content-layout-column\"><div class=\"fusion-text fusion-text-1\"><p><strong>1.- ANTECEDENTES<\/strong><\/p>\n<p>De acordo com a legisla\u00e7\u00e3o espanhola que regula o uso de cookies, informamos sobre os cookies utilizados neste site.<\/p>\n<p><strong>2.- O QUE S\u00c3O COOKIES?<\/strong><\/p>\n<p>Um cookie \u00e9 um ficheiro que \u00e9 descarregado no computador do utilizador ao aceder a determinadas p\u00e1ginas web e que armazena e recupera informa\u00e7\u00e3o durante a navega\u00e7\u00e3o. Os cookies permitem, entre outras coisas, reconhec\u00ea-lo como utilizador, obter informa\u00e7\u00e3o sobre os h\u00e1bitos de navega\u00e7\u00e3o ou personalizar a forma como o conte\u00fado \u00e9 exibido. Os usos de cookies feitos por este site est\u00e3o descritos nesta Pol\u00edtica de Cookies.<\/p>\n<p><strong>3.- TIPOS DE COOKIES<\/strong><\/p>\n<p><strong><u>Cookies segundo a entidade que os gere<\/u><\/strong>:<br \/>\n1.- <strong>Cookies pr\u00f3prias<\/strong>: S\u00e3o aquelas que s\u00e3o enviadas ao equipamento terminal do utilizador a partir de um equipamento ou dom\u00ednio gerido pelo pr\u00f3prio editor e a partir do qual se presta o servi\u00e7o solicitado pelo utilizador.<br \/>\n2.- <strong>Cookies de terceiros<\/strong>: S\u00e3o aquelas que s\u00e3o enviadas ao equipamento terminal do utilizador a partir de um equipamento ou dom\u00ednio que n\u00e3o \u00e9 gerido pelo editor, mas por outra entidade que trata os dados obtidos atrav\u00e9s dos cookies.<\/p>\n<p><strong><u>Cookies segundo a finalidade<\/u><\/strong>:<br \/>\n1.- <strong>Cookies t\u00e9cnicas:<\/strong> Permitem ao utilizador a navega\u00e7\u00e3o e a utiliza\u00e7\u00e3o das diferentes op\u00e7\u00f5es ou servi\u00e7os existentes no site, incluindo a gest\u00e3o e opera\u00e7\u00e3o da p\u00e1gina web e a ativa\u00e7\u00e3o das suas fun\u00e7\u00f5es.<br \/>\n2.- <strong>Cookies de prefer\u00eancias ou personaliza\u00e7\u00e3o:<\/strong> Permitem guardar informa\u00e7\u00f5es para que o utilizador aceda ao servi\u00e7o com determinadas caracter\u00edsticas personalizadas.<br \/>\n3.- <strong>Cookies de an\u00e1lise ou medi\u00e7\u00e3o:<\/strong> Permitem ao respons\u00e1vel das mesmas o acompanhamento e an\u00e1lise do comportamento dos utilizadores nos sites a que est\u00e3o vinculadas.<br \/>\n4.- <strong>Cookies de publicidade comportamental:<\/strong> Armazenam informa\u00e7\u00e3o sobre o comportamento dos utilizadores obtida atrav\u00e9s da observa\u00e7\u00e3o continuada dos seus h\u00e1bitos de navega\u00e7\u00e3o, permitindo criar um perfil espec\u00edfico para mostrar publicidade em fun\u00e7\u00e3o do mesmo.<\/p>\n<p><strong><u>Cookies segundo o prazo em que permanecem ativas<\/u><\/strong>:<br \/>\n1.- <strong>Cookies de sess\u00e3o:<\/strong> Projetadas para recolher e armazenar dados enquanto o utilizador acede a uma p\u00e1gina web.<br \/>\n2.- <strong>Cookies persistentes:<\/strong> Os dados permanecem armazenados no terminal e podem ser acedidos e tratados durante um per\u00edodo definido pelo respons\u00e1vel da cookie, que pode ir de alguns minutos a v\u00e1rios anos.<\/p>\n<p><strong>4.- TIPOS DE COOKIES UTILIZADAS POR ESTE SITE<\/strong><\/p>\n<p>Nossa p\u00e1gina web utiliza as seguintes cookies:<\/p>\n<h2>Cookies necess\u00e1rias<\/h2>\n<p>As cookies necess\u00e1rias s\u00e3o cruciais para as fun\u00e7\u00f5es b\u00e1sicas do site e o mesmo n\u00e3o funcionar\u00e1 de forma adequada sem elas. Estas cookies n\u00e3o armazenam nenhum dado de identifica\u00e7\u00e3o pessoal.<\/p>\n<table style=\"width: 100%; border-collapse: collapse;\">\n<thead>\n<tr style=\"background-color: #f2f2f2;\">\n<th style=\"border: 1px solid #ccc; padding: 8px;\">ID da Cookie<\/th>\n<th style=\"border: 1px solid #ccc; padding: 8px;\">Dom\u00ednio<\/th>\n<th style=\"border: 1px solid #ccc; padding: 8px;\">Dura\u00e7\u00e3o<\/th>\n<th style=\"border: 1px solid #ccc; padding: 8px;\">Descri\u00e7\u00e3o<\/th>\n<th style=\"border: 1px solid #ccc; padding: 8px;\">Origem do script<\/th>\n<\/tr>\n<\/thead>\n<tbody>\n<tr>\n<td style=\"border: 1px solid #ccc; padding: 8px;\">cookieyes-consent<\/td>\n<td style=\"border: 1px solid #ccc; padding: 8px;\">preservativoson.com<\/td>\n<td style=\"border: 1px solid #ccc; padding: 8px;\">1 ano<\/td>\n<td style=\"border: 1px solid #ccc; padding: 8px;\">CookieYes define esta cookie para lembrar as prefer\u00eancias de consentimento dos utilizadores. N\u00e3o recolhe nem armazena informa\u00e7\u00e3o pessoal.<\/td>\n<td style=\"border: 1px solid #ccc; padding: 8px;\">cookieyes.com<\/td>\n<\/tr>\n<\/tbody>\n<\/table>\n<h2 style=\"margin-top: 40px;\">Cookies anal\u00edticas<\/h2>\n<p>As cookies anal\u00edticas s\u00e3o utilizadas para compreender como os visitantes interagem com o site. Estas cookies ajudam a fornecer informa\u00e7\u00e3o sobre m\u00e9tricas como n\u00famero de visitantes, taxa de rejei\u00e7\u00e3o, origem do tr\u00e1fego, etc.<\/p>\n<table style=\"width: 100%; border-collapse: collapse;\">\n<thead>\n<tr style=\"background-color: #f2f2f2;\">\n<th style=\"border: 1px solid #ccc; padding: 8px;\">ID da Cookie<\/th>\n<th style=\"border: 1px solid #ccc; padding: 8px;\">Dom\u00ednio<\/th>\n<th style=\"border: 1px solid #ccc; padding: 8px;\">Dura\u00e7\u00e3o<\/th>\n<th style=\"border: 1px solid #ccc; padding: 8px;\">Descri\u00e7\u00e3o<\/th>\n<th style=\"border: 1px solid #ccc; padding: 8px;\">Origem do script<\/th>\n<\/tr>\n<\/thead>\n<tbody>\n<tr>\n<td style=\"border: 1px solid #ccc; padding: 8px;\">_ga<\/td>\n<td style=\"border: 1px solid #ccc; padding: 8px;\">preservativoson.com<\/td>\n<td style=\"border: 1px solid #ccc; padding: 8px;\">1 ano 1 m\u00eas 4 dias<\/td>\n<td style=\"border: 1px solid #ccc; padding: 8px;\">Google Analytics define esta cookie para calcular dados de visitantes, sess\u00f5es e campanhas. Armazena a informa\u00e7\u00e3o de forma an\u00f3nima.<\/td>\n<td style=\"border: 1px solid #ccc; padding: 8px;\">google-analytics.com \/ googletagmanager.com\/gtag\/js<\/td>\n<\/tr>\n<tr>\n<td style=\"border: 1px solid #ccc; padding: 8px;\">_ga_*<\/td>\n<td style=\"border: 1px solid #ccc; padding: 8px;\">preservativoson.com<\/td>\n<td style=\"border: 1px solid #ccc; padding: 8px;\">1 ano 1 m\u00eas 4 dias<\/td>\n<td style=\"border: 1px solid #ccc; padding: 8px;\">Google Analytics define esta cookie para armazenar e contar as visualiza\u00e7\u00f5es de p\u00e1gina.<\/td>\n<td style=\"border: 1px solid #ccc; padding: 8px;\">google-analytics.com \/ googletagmanager.com\/gtag\/js<\/td>\n<\/tr>\n<\/tbody>\n<\/table>\n<p>Em caso de aceitar cookies de terceiros, estas devem ser eliminadas a partir das op\u00e7\u00f5es do navegador, tal como descrito no ponto 5 desta pol\u00edtica ou a partir do sistema oferecido pelo terceiro.<\/p>\n<p><strong>5.- REVOGA\u00c7\u00c3O E ELIMINA\u00c7\u00c3O DE COOKIES<\/strong><\/p>\n<p>Quando aceder pela primeira vez ao nosso site poder\u00e1 aceitar ou rejeitar o uso de todas as cookies ou, se preferir, poder\u00e1 aceder \u00e0 configura\u00e7\u00e3o e aceitar as cookies de acordo com o tipo, exceto as cookies t\u00e9cnicas, que est\u00e3o isentas de consentimento. Poder\u00e1 alterar as suas prefer\u00eancias a qualquer momento acedendo ao nosso painel de configura\u00e7\u00e3o.<\/p>\n<p>Al\u00e9m disso, pode aceder \u00e0 configura\u00e7\u00e3o do seu navegador para restringir, bloquear ou eliminar cookies, seguindo um dos seguintes procedimentos, dependendo do navegador que utiliza:<\/p>\n<p><strong>Google Chrome<\/strong><br \/>\n<a href=\"https:\/\/support.google.com\/chrome\/answer\/95647?hl=pt\">https:\/\/support.google.com\/chrome\/answer\/95647?hl=pt<br \/>\n<\/a><\/p>\n<p><strong>Microsoft Edge<\/strong><br \/>\n<a href=\"https:\/\/support.microsoft.com\/pt-pt\/help\/17442\/windows-internet-explorer-delete-manage-cookies#ie=ie-9\">https:\/\/support.microsoft.com\/pt-pt\/help\/17442\/windows-internet-explorer-delete-manage-cookies#ie=ie-9<br \/>\n<\/a><\/p>\n<p><strong>Firefox<\/strong><br \/>\n<a href=\"https:\/\/support.mozilla.org\/pt-PT\/kb\/ativar-desativar-cookies-websites-utilizam\">https:\/\/support.mozilla.org\/pt-PT\/kb\/ativar-desativar-cookies-websites-utilizam<br \/>\n<\/a><\/p>\n<p><strong>Safari, iPad e iPhone<\/strong><br \/>\n<a href=\"https:\/\/support.apple.com\/pt-pt\/HT201265\">https:\/\/support.apple.com\/pt-pt\/HT201265<br \/>\n<\/a><\/p>\n<p><strong>Opera<\/strong><br \/>\n<a href=\"http:\/\/help.opera.com\/Linux\/10.60\/pt-BR\/cookies.html\">http:\/\/help.opera.com\/Linux\/10.60\/pt-BR\/cookies.html<br \/>\n<\/a><\/p>\n<p><strong>6.- TERCEIROS PRESTADORES DE SERVI\u00c7OS<\/strong><\/p>\n<p>Em concreto, os terceiros prestadores de servi\u00e7os com os quais contrat\u00e1mos algum servi\u00e7o para o qual \u00e9 necess\u00e1rio o uso de cookies s\u00e3o:<\/p>\n<p>Em caso de aceitar cookies de terceiros, estas devem ser eliminadas atrav\u00e9s das op\u00e7\u00f5es do navegador, tal como se descreve no ponto 5 desta pol\u00edtica ou a partir do sistema oferecido pelo terceiro.<\/p>\n<p>Al\u00e9m disso, pode informar-se sobre as transfer\u00eancias internacionais para pa\u00edses terceiros que, se for o caso, realizem os terceiros identificados na tabela anterior, nas suas respetivas pol\u00edticas, acess\u00edveis atrav\u00e9s do link dispon\u00edvel em \u201cinforma\u00e7\u00e3o do fornecedor\u201d.<\/p>\n<\/div><\/div><\/div><\/div><\/div><\/p>\n","protected":false},"excerpt":{"rendered":"","protected":false},"author":1,"featured_media":0,"parent":0,"menu_order":0,"comment_status":"closed","ping_status":"closed","template":"100-width.php","meta":{"footnotes":""},"class_list":["post-471","page","type-page","status-publish","hentry"],"yoast_head":"<!-- This site is optimized with the Yoast SEO plugin v26.1.1 - https:\/\/yoast.com\/wordpress\/plugins\/seo\/ -->\n<title>Pol\u00edtica de cookies - Fonbuena<\/title>\n<meta name=\"robots\" content=\"index, follow, max-snippet:-1, max-image-preview:large, max-video-preview:-1\" \/>\n<link rel=\"canonical\" href=\"https:\/\/fonbuena.com\/pt-pt\/politica-de-cookies\/\" \/>\n<meta property=\"og:locale\" content=\"pt_PT\" \/>\n<meta property=\"og:type\" content=\"article\" \/>\n<meta property=\"og:title\" content=\"Pol\u00edtica de cookies - Fonbuena\" \/>\n<meta property=\"og:url\" content=\"https:\/\/fonbuena.com\/pt-pt\/politica-de-cookies\/\" \/>\n<meta property=\"og:site_name\" content=\"Fonbuena\" \/>\n<meta property=\"article:modified_time\" content=\"2025-09-23T14:03:00+00:00\" \/>\n<meta name=\"twitter:card\" content=\"summary_large_image\" \/>\n<meta name=\"twitter:label1\" content=\"Tempo estimado de leitura\" \/>\n\t<meta name=\"twitter:data1\" content=\"16 minutos\" \/>\n<script type=\"application\/ld+json\" class=\"yoast-schema-graph\">{\"@context\":\"https:\/\/schema.org\",\"@graph\":[{\"@type\":\"WebPage\",\"@id\":\"https:\/\/fonbuena.com\/pt-pt\/politica-de-cookies\/\",\"url\":\"https:\/\/fonbuena.com\/pt-pt\/politica-de-cookies\/\",\"name\":\"Pol\u00edtica de cookies - Fonbuena\",\"isPartOf\":{\"@id\":\"https:\/\/fonbuena.com\/pt-pt\/#website\"},\"datePublished\":\"2025-07-02T07:28:39+00:00\",\"dateModified\":\"2025-09-23T14:03:00+00:00\",\"breadcrumb\":{\"@id\":\"https:\/\/fonbuena.com\/pt-pt\/politica-de-cookies\/#breadcrumb\"},\"inLanguage\":\"pt-PT\",\"potentialAction\":[{\"@type\":\"ReadAction\",\"target\":[\"https:\/\/fonbuena.com\/pt-pt\/politica-de-cookies\/\"]}]},{\"@type\":\"BreadcrumbList\",\"@id\":\"https:\/\/fonbuena.com\/pt-pt\/politica-de-cookies\/#breadcrumb\",\"itemListElement\":[{\"@type\":\"ListItem\",\"position\":1,\"name\":\"Portada\",\"item\":\"https:\/\/fonbuena.com\/pt-pt\/\"},{\"@type\":\"ListItem\",\"position\":2,\"name\":\"Pol\u00edtica de cookies\"}]},{\"@type\":\"WebSite\",\"@id\":\"https:\/\/fonbuena.com\/pt-pt\/#website\",\"url\":\"https:\/\/fonbuena.com\/pt-pt\/\",\"name\":\"Fonbuena\",\"description\":\"Distribuidor de preservativos Okamoto\",\"potentialAction\":[{\"@type\":\"SearchAction\",\"target\":{\"@type\":\"EntryPoint\",\"urlTemplate\":\"https:\/\/fonbuena.com\/pt-pt\/?s={search_term_string}\"},\"query-input\":{\"@type\":\"PropertyValueSpecification\",\"valueRequired\":true,\"valueName\":\"search_term_string\"}}],\"inLanguage\":\"pt-PT\"}]}<\/script>\n<!-- \/ Yoast SEO plugin. -->","yoast_head_json":{"title":"Pol\u00edtica de cookies - Fonbuena","robots":{"index":"index","follow":"follow","max-snippet":"max-snippet:-1","max-image-preview":"max-image-preview:large","max-video-preview":"max-video-preview:-1"},"canonical":"https:\/\/fonbuena.com\/pt-pt\/politica-de-cookies\/","og_locale":"pt_PT","og_type":"article","og_title":"Pol\u00edtica de cookies - Fonbuena","og_url":"https:\/\/fonbuena.com\/pt-pt\/politica-de-cookies\/","og_site_name":"Fonbuena","article_modified_time":"2025-09-23T14:03:00+00:00","twitter_card":"summary_large_image","twitter_misc":{"Tempo estimado de leitura":"16 minutos"},"schema":{"@context":"https:\/\/schema.org","@graph":[{"@type":"WebPage","@id":"https:\/\/fonbuena.com\/pt-pt\/politica-de-cookies\/","url":"https:\/\/fonbuena.com\/pt-pt\/politica-de-cookies\/","name":"Pol\u00edtica de cookies - Fonbuena","isPartOf":{"@id":"https:\/\/fonbuena.com\/pt-pt\/#website"},"datePublished":"2025-07-02T07:28:39+00:00","dateModified":"2025-09-23T14:03:00+00:00","breadcrumb":{"@id":"https:\/\/fonbuena.com\/pt-pt\/politica-de-cookies\/#breadcrumb"},"inLanguage":"pt-PT","potentialAction":[{"@type":"ReadAction","target":["https:\/\/fonbuena.com\/pt-pt\/politica-de-cookies\/"]}]},{"@type":"BreadcrumbList","@id":"https:\/\/fonbuena.com\/pt-pt\/politica-de-cookies\/#breadcrumb","itemListElement":[{"@type":"ListItem","position":1,"name":"Portada","item":"https:\/\/fonbuena.com\/pt-pt\/"},{"@type":"ListItem","position":2,"name":"Pol\u00edtica de cookies"}]},{"@type":"WebSite","@id":"https:\/\/fonbuena.com\/pt-pt\/#website","url":"https:\/\/fonbuena.com\/pt-pt\/","name":"Fonbuena","description":"Distribuidor de preservativos Okamoto","potentialAction":[{"@type":"SearchAction","target":{"@type":"EntryPoint","urlTemplate":"https:\/\/fonbuena.com\/pt-pt\/?s={search_term_string}"},"query-input":{"@type":"PropertyValueSpecification","valueRequired":true,"valueName":"search_term_string"}}],"inLanguage":"pt-PT"}]}},"_links":{"self":[{"href":"https:\/\/fonbuena.com\/pt-pt\/wp-json\/wp\/v2\/pages\/471","targetHints":{"allow":["GET"]}}],"collection":[{"href":"https:\/\/fonbuena.com\/pt-pt\/wp-json\/wp\/v2\/pages"}],"about":[{"href":"https:\/\/fonbuena.com\/pt-pt\/wp-json\/wp\/v2\/types\/page"}],"author":[{"embeddable":true,"href":"https:\/\/fonbuena.com\/pt-pt\/wp-json\/wp\/v2\/users\/1"}],"replies":[{"embeddable":true,"href":"https:\/\/fonbuena.com\/pt-pt\/wp-json\/wp\/v2\/comments?post=471"}],"version-history":[{"count":2,"href":"https:\/\/fonbuena.com\/pt-pt\/wp-json\/wp\/v2\/pages\/471\/revisions"}],"predecessor-version":[{"id":566,"href":"https:\/\/fonbuena.com\/pt-pt\/wp-json\/wp\/v2\/pages\/471\/revisions\/566"}],"wp:attachment":[{"href":"https:\/\/fonbuena.com\/pt-pt\/wp-json\/wp\/v2\/media?parent=471"}],"curies":[{"name":"wp","href":"https:\/\/api.w.org\/{rel}","templated":true}]}}