{"id":474,"date":"2025-06-12T12:21:06","date_gmt":"2025-06-12T10:21:06","guid":{"rendered":"https:\/\/fonbuena.com\/politica-privacidad\/"},"modified":"2025-09-23T16:03:26","modified_gmt":"2025-09-23T14:03:26","slug":"politica-privacidad","status":"publish","type":"page","link":"https:\/\/fonbuena.com\/pt-pt\/politica-privacidad\/","title":{"rendered":"Pol\u00edtica de privacidad"},"content":{"rendered":"<p><div class=\"fusion-fullwidth fullwidth-box fusion-builder-row-1 fusion-flex-container has-pattern-background has-mask-background nonhundred-percent-fullwidth non-hundred-percent-height-scrolling\" style=\"--awb-border-radius-top-left:0px;--awb-border-radius-top-right:0px;--awb-border-radius-bottom-right:0px;--awb-border-radius-bottom-left:0px;--awb-min-height:25vh;--awb-background-color:var(--awb-color4);--awb-flex-wrap:wrap;\" ><div class=\"fusion-builder-row fusion-row fusion-flex-align-items-flex-end fusion-flex-content-wrap\" style=\"max-width:1372.8px;margin-left: calc(-4% \/ 2 );margin-right: calc(-4% \/ 2 );\"><div class=\"fusion-layout-column fusion_builder_column fusion-builder-column-0 fusion_builder_column_1_1 1_1 fusion-flex-column\" style=\"--awb-bg-size:cover;--awb-width-large:100%;--awb-margin-top-large:0px;--awb-spacing-right-large:1.92%;--awb-margin-bottom-large:20px;--awb-spacing-left-large:1.92%;--awb-width-medium:100%;--awb-order-medium:0;--awb-spacing-right-medium:1.92%;--awb-spacing-left-medium:1.92%;--awb-width-small:100%;--awb-order-small:0;--awb-spacing-right-small:1.92%;--awb-spacing-left-small:1.92%;\"><div class=\"fusion-column-wrapper fusion-column-has-shadow fusion-flex-justify-content-flex-start fusion-content-layout-column\"><div class=\"fusion-title title fusion-title-1 fusion-sep-none fusion-title-text fusion-title-size-one\" style=\"--awb-text-color:var(--awb-color1);\"><h1 class=\"fusion-title-heading title-heading-left fusion-responsive-typography-calculated\" style=\"margin:0;--fontSize:60;line-height:var(--awb-typography1-line-height);\">Pol\u00edtica de privacidad<\/h1><\/div><\/div><\/div><\/div><\/div><div class=\"fusion-fullwidth fullwidth-box fusion-builder-row-2 fusion-flex-container has-pattern-background has-mask-background nonhundred-percent-fullwidth non-hundred-percent-height-scrolling\" style=\"--awb-border-radius-top-left:0px;--awb-border-radius-top-right:0px;--awb-border-radius-bottom-right:0px;--awb-border-radius-bottom-left:0px;--awb-flex-wrap:wrap;\" ><div class=\"fusion-builder-row fusion-row fusion-flex-align-items-flex-start fusion-flex-content-wrap\" style=\"max-width:1372.8px;margin-left: calc(-4% \/ 2 );margin-right: calc(-4% \/ 2 );\"><div class=\"fusion-layout-column fusion_builder_column fusion-builder-column-1 fusion_builder_column_1_1 1_1 fusion-flex-column\" style=\"--awb-bg-size:cover;--awb-width-large:100%;--awb-margin-top-large:0px;--awb-spacing-right-large:1.92%;--awb-margin-bottom-large:20px;--awb-spacing-left-large:1.92%;--awb-width-medium:100%;--awb-order-medium:0;--awb-spacing-right-medium:1.92%;--awb-spacing-left-medium:1.92%;--awb-width-small:100%;--awb-order-small:0;--awb-spacing-right-small:1.92%;--awb-spacing-left-small:1.92%;\"><div class=\"fusion-column-wrapper fusion-column-has-shadow fusion-flex-justify-content-flex-start fusion-content-layout-column\"><div class=\"fusion-text fusion-text-1\"><p>&lt;h3&gt;&lt;strong&gt;1. PROTE\u00c7\u00c3O DE DADOS DE CAR\u00c1TER PESSOAL&lt;\/strong&gt;&lt;\/h3&gt;<br \/>\n&lt;strong&gt;1.1 DADOS DE CONTACTO DO RESPONS\u00c1VEL PELO TRATAMENTO&lt;\/strong&gt;<\/p>\n<p>\u2022 Denomina\u00e7\u00e3o social: FONBUENA SIGLO XXI S.L.<br \/>\n\u2022 NIF: B99006553<br \/>\n\u2022 Domic\u00edlio social: Paseo Sagasta 17, 2\u00ba direita A \u00b7 50008 Zaragoza (Espanha)<br \/>\n\u2022 Telefone de contacto: 976 242 490<br \/>\n\u2022 Endere\u00e7o de e-mail: cnivela@fonbuena.com<\/p>\n<p>&lt;strong&gt;1.2 DADOS DE CONTACTO DO DATA PROTECTION OFFICER (D.P.O.)&lt;\/strong&gt;<\/p>\n<p>De acordo com o artigo 37 RGPD 2016\/679 n\u00e3o \u00e9 exigido D.P.O.<\/p>\n<p>&lt;strong&gt;1.3 POL\u00cdTICA DE PRIVACIDADE \u2013 DEVER DE INFORMA\u00c7\u00c3O CONFORME O RGPD 679\/2016.&lt;\/strong&gt;<\/p>\n<p>O cliente que insere os seus dados nos formul\u00e1rios de contacto desta p\u00e1gina web, conforme exposto neste par\u00e1grafo deste aviso legal, DECLARA E MANIFESTA EXPRESSAMENTE QUE:<br \/>\nAutoriza expressamente a entidade FONBUENA SIGLO XXI S.L., com domic\u00edlio em PASEO INDEPENDENCIA 24-26, PLANTA 3\u00aa, ESCRIT\u00d3RIO 8, 50004 \u2013 ZARAGOZA (Zaragoza), a recolher e tratar os dados de car\u00e1ter pessoal de quem assina ou atua como representante legal, tutor ou curador de um menor de idade. Declara ainda que foi devidamente informado acerca da tabela apresentada em rela\u00e7\u00e3o ao direito previsto no art. 13 do RGPD.<\/p>\n<p>&lt;strong&gt;INFORMA\u00c7\u00c3O B\u00c1SICA SOBRE PROTE\u00c7\u00c3O DE DADOS \u2013 FICHEIRO DE DADOS DE CLIENTES&lt;\/strong&gt;<\/p>\n<p>&lt;strong&gt;RESPONS\u00c1VEL:&lt;\/strong&gt; FONBUENA SIGLO XXI S.L.<\/p>\n<p>&lt;strong&gt;FINALIDADE PREVISTA:&lt;\/strong&gt; Gest\u00e3o dos dados introduzidos nos formul\u00e1rios de recolha de dados da p\u00e1gina web. Envio de publicidade.<\/p>\n<p>&lt;strong&gt;D.P.O. (Data Protection Officer):&lt;\/strong&gt; Conforme o artigo 37 RGPD 2016\/679 n\u00e3o \u00e9 exigido D.P.O.<\/p>\n<p>&lt;strong&gt;LEGITIMA\u00c7\u00c3O:&lt;\/strong&gt; Consentimento do interessado.<\/p>\n<p>&lt;strong&gt;DESTINAT\u00c1RIOS DE CESS\u00d5ES DE DADOS:&lt;\/strong&gt; Empresas do mesmo grupo. N\u00e3o ser\u00e3o cedidos dados salvo quando necess\u00e1rio para cumprir com a presta\u00e7\u00e3o solicitada. N\u00e3o ser\u00e3o cedidos dados salvo por imposi\u00e7\u00e3o legal. Consultoria fiscal e contabil\u00edstica (em caso de compra atrav\u00e9s da web).<\/p>\n<p>&lt;strong&gt;DIREITOS:&lt;\/strong&gt; Direito de solicitar o acesso aos dados pessoais do titular, direito de solicitar a sua retifica\u00e7\u00e3o ou elimina\u00e7\u00e3o, direito de solicitar a limita\u00e7\u00e3o do tratamento, direito de se opor ao tratamento, direito \u00e0 portabilidade dos dados.<\/p>\n<p>&lt;strong&gt;INFORMA\u00c7\u00c3O ADICIONAL:&lt;\/strong&gt; Pode consultar a nossa pol\u00edtica de privacidade em: www.preservativoson.com<\/p>\n<p>&lt;strong&gt;COMO EXERCER OS SEUS DIREITOS:&lt;\/strong&gt; Solicite os nossos formul\u00e1rios para o exerc\u00edcio de direitos em: www.agpd.es<\/p>\n<p>\u00c9 proibido que menores de 16 anos insiram dados nos nossos formul\u00e1rios de recolha de dados, dado que tal \u00e9 contr\u00e1rio ao art. 8 RGPD. Em caso de necessidade de consentimento de um menor, este deve ser dado pela pessoa que det\u00e9m a Responsabilidade Parental e\/ou tutela.<br \/>\nA presente pol\u00edtica de prote\u00e7\u00e3o de dados poder\u00e1 variar ao longo do tempo devido a poss\u00edveis altera\u00e7\u00f5es legislativas, jurisprudenciais ou de crit\u00e9rios da Ag\u00eancia Espanhola de Prote\u00e7\u00e3o de Dados e\/ou da autoridade competente. Por isso, a FONBUENA SIGLO XXI S.L. reserva-se o direito de modificar o presente aviso legal para adapt\u00e1-lo a novas disposi\u00e7\u00f5es legais ou jurisprudenciais vigentes no momento de acesso ao website, bem como \u00e0s pr\u00e1ticas do setor. Recomendamos que reveja este aviso legal periodicamente.<\/p>\n<p>&lt;strong&gt;1.3.1 PARA QUE UTILIZAMOS OS SEUS DADOS&lt;\/strong&gt;<\/p>\n<p>A informa\u00e7\u00e3o que nos fornece \u00e9 utilizada exclusivamente para gerir os servi\u00e7os e produtos solicitados. Al\u00e9m disso, fornecemos informa\u00e7\u00f5es sobre novidades, produtos e novos servi\u00e7os, atrav\u00e9s dos meios que nos disponibilizou: e-mail, endere\u00e7o postal e at\u00e9 chamadas para telem\u00f3veis e SMS.<\/p>\n<p>Com esta informa\u00e7\u00e3o, elabor\u00e1mos um perfil como cliente para lhe oferecer produtos ajustados \u00e0s suas necessidades, evitando assim perder tempo.<\/p>\n<p>&lt;strong&gt;1.3.2 QUAL \u00c9 A BASE LEGAL PARA O TRATAMENTO DOS DADOS&lt;\/strong&gt;<\/p>\n<p>A utiliza\u00e7\u00e3o dos dados \u00e9 necess\u00e1ria para a correta gest\u00e3o das rela\u00e7\u00f5es comerciais com os clientes e para cumprir com obriga\u00e7\u00f5es legais.<br \/>\nA principal legitima\u00e7\u00e3o na recolha de dados atrav\u00e9s dos formul\u00e1rios desta web \u00e9 o consentimento expresso.<\/p>\n<p>A qualquer momento pode manifestar oposi\u00e7\u00e3o ao uso dos seus dados, ficando apenas bloqueados durante o tempo legalmente previsto.<\/p>\n<p>&lt;strong&gt;1.3.3 V\u00c3O CEDER OS MEUS DADOS?&lt;\/strong&gt;<\/p>\n<p>Apenas, conforme informado na recolha de dados e nas pol\u00edticas de privacidade das nossas webs, ser\u00e3o cedidos dados a empresas do grupo.<br \/>\nE apenas a empresas externas quando a cess\u00e3o seja necess\u00e1ria para a presta\u00e7\u00e3o do servi\u00e7o solicitado.<\/p>\n<p>Em caso de incumprimento de pagamento em compras online, reservamo-nos o direito de ceder os dados a registos de incumpridores tipo ASNEF ou EXPERIAN.<br \/>\nAssim como a Tribunais e Ju\u00edzos, caso seja requerido ou necess\u00e1rio para iniciar uma reclama\u00e7\u00e3o judicial.<\/p>\n<p>&lt;strong&gt;1.3.4 DURANTE QUANTO TEMPO VAMOS CONSERVAR A SUA INFORMA\u00c7\u00c3O PESSOAL&lt;\/strong&gt;<\/p>\n<p>Conservaremos a sua informa\u00e7\u00e3o apenas enquanto existir uma rela\u00e7\u00e3o contratual ou comercial connosco, ou enquanto n\u00e3o exercer direitos que impe\u00e7am a sua conserva\u00e7\u00e3o.<\/p>\n<p>H\u00e1 dados que, pela sua natureza, devem ser mantidos para justificar a rela\u00e7\u00e3o comercial (Ag\u00eancia Tribut\u00e1ria), mesmo que retire o consentimento.<\/p>\n<p>&lt;strong&gt;1.3.5 COMO POSSO EXERCER OS MEUS DIREITOS&lt;\/strong&gt;<\/p>\n<p>Como titular, tem o controlo dos seus dados e, a qualquer momento, pode exerc\u00ea-los enviando um e-mail para: cnivela@fonbuena.com<\/p>\n<p>Os direitos que pode exercer s\u00e3o:<\/p>\n<p>\u2022 Direito de acesso aos dados pessoais: poder\u00e1 perguntar \u00e0 FONBUENA SIGLO XXI S.L. se tratamos os seus dados.<br \/>\n\u2022 Direito de retifica\u00e7\u00e3o, sempre que estejam incorretos; ou solicitar a sua elimina\u00e7\u00e3o.<br \/>\n\u2022 Direito de solicitar a limita\u00e7\u00e3o do tratamento.<br \/>\n\u2022 Direito de oposi\u00e7\u00e3o ao tratamento: deixaremos de tratar os seus dados, salvo por motivos legais.<br \/>\n\u2022 Direito \u00e0 portabilidade: pode solicitar-nos a qualquer momento que enviemos os seus dados \u00e0 empresa que indicar, mediante pedido expresso.<\/p>\n<p>&lt;strong&gt;1.3.6 COMO POSSO SOLICITAR OS DIREITOS&lt;\/strong&gt;<\/p>\n<p>A qualquer momento pode enviar-nos um e-mail utilizando os formul\u00e1rios dispon\u00edveis no site da Ag\u00eancia Espanhola de Prote\u00e7\u00e3o de Dados: www.agpd.es<br \/>\n&lt;h3&gt;&lt;strong&gt;2. PRINC\u00cdPIOS B\u00c1SICOS QUE REGEM A NOSSA POL\u00cdTICA DE PRIVACIDADE&lt;\/strong&gt;&lt;\/h3&gt;<br \/>\n&lt;strong&gt;2.1 TRANSPAR\u00caNCIA&lt;\/strong&gt;<\/p>\n<p>Neste aviso legal, procuramos que tudo seja entendido sem complica\u00e7\u00f5es. Se n\u00e3o compreender algo aqui inclu\u00eddo, pedimos que nos contacte atrav\u00e9s de cnivela@fonbuena.com<br \/>\n.<\/p>\n<p>&lt;strong&gt;2.2 CONFIDENCIALIDADE&lt;\/strong&gt;<\/p>\n<p>Todos os dados fornecidos por e-mail ou formul\u00e1rios eletr\u00f3nicos ser\u00e3o tratados conforme a legisla\u00e7\u00e3o vigente sobre prote\u00e7\u00e3o de dados pessoais e ter\u00e3o car\u00e1ter confidencial para o pessoal da FONBUENA SIGLO XXI S.L. que os trate, conforme previsto nos contratos de confidencialidade assinados pelos nossos colaboradores.<br \/>\n&lt;h3&gt;&lt;strong&gt;3. CANCELAMENTO DA LISTA DE DISTRIBUI\u00c7\u00c3O DE INFORMA\u00c7\u00c3O&lt;\/strong&gt;&lt;\/h3&gt;<br \/>\nUm dos dados solicitados nos formul\u00e1rios \u00e9 o endere\u00e7o de e-mail. A finalidade \u00e9 que, ocasionalmente, a FONBUENA SIGLO XXI S.L. envie e-mails notificando melhorias, novidades ou ofertas relacionadas com esta p\u00e1gina web.<br \/>\nA qualquer momento pode cancelar a subscri\u00e7\u00e3o enviando um e-mail para a FONBUENA SIGLO XXI S.L.<\/p>\n<\/div><\/div><\/div><\/div><\/div><\/p>\n","protected":false},"excerpt":{"rendered":"","protected":false},"author":1,"featured_media":0,"parent":0,"menu_order":0,"comment_status":"closed","ping_status":"open","template":"100-width.php","meta":{"footnotes":""},"class_list":["post-474","page","type-page","status-publish","hentry"],"yoast_head":"<!-- This site is optimized with the Yoast SEO plugin v26.1.1 - https:\/\/yoast.com\/wordpress\/plugins\/seo\/ -->\n<title>Pol\u00edtica de privacidad - Fonbuena<\/title>\n<meta name=\"robots\" content=\"index, follow, max-snippet:-1, max-image-preview:large, max-video-preview:-1\" \/>\n<link rel=\"canonical\" href=\"https:\/\/fonbuena.com\/pt-pt\/politica-privacidad\/\" \/>\n<meta property=\"og:locale\" content=\"pt_PT\" \/>\n<meta property=\"og:type\" content=\"article\" \/>\n<meta property=\"og:title\" content=\"Pol\u00edtica de privacidad - Fonbuena\" \/>\n<meta property=\"og:url\" content=\"https:\/\/fonbuena.com\/pt-pt\/politica-privacidad\/\" \/>\n<meta property=\"og:site_name\" content=\"Fonbuena\" \/>\n<meta property=\"article:modified_time\" content=\"2025-09-23T14:03:26+00:00\" \/>\n<meta name=\"twitter:card\" content=\"summary_large_image\" \/>\n<meta name=\"twitter:label1\" content=\"Tempo estimado de leitura\" \/>\n\t<meta name=\"twitter:data1\" content=\"18 minutos\" \/>\n<script type=\"application\/ld+json\" class=\"yoast-schema-graph\">{\"@context\":\"https:\/\/schema.org\",\"@graph\":[{\"@type\":\"WebPage\",\"@id\":\"https:\/\/fonbuena.com\/pt-pt\/politica-privacidad\/\",\"url\":\"https:\/\/fonbuena.com\/pt-pt\/politica-privacidad\/\",\"name\":\"Pol\u00edtica de privacidad - Fonbuena\",\"isPartOf\":{\"@id\":\"https:\/\/fonbuena.com\/pt-pt\/#website\"},\"datePublished\":\"2025-06-12T10:21:06+00:00\",\"dateModified\":\"2025-09-23T14:03:26+00:00\",\"breadcrumb\":{\"@id\":\"https:\/\/fonbuena.com\/pt-pt\/politica-privacidad\/#breadcrumb\"},\"inLanguage\":\"pt-PT\",\"potentialAction\":[{\"@type\":\"ReadAction\",\"target\":[\"https:\/\/fonbuena.com\/pt-pt\/politica-privacidad\/\"]}]},{\"@type\":\"BreadcrumbList\",\"@id\":\"https:\/\/fonbuena.com\/pt-pt\/politica-privacidad\/#breadcrumb\",\"itemListElement\":[{\"@type\":\"ListItem\",\"position\":1,\"name\":\"Portada\",\"item\":\"https:\/\/fonbuena.com\/pt-pt\/\"},{\"@type\":\"ListItem\",\"position\":2,\"name\":\"Pol\u00edtica de privacidad\"}]},{\"@type\":\"WebSite\",\"@id\":\"https:\/\/fonbuena.com\/pt-pt\/#website\",\"url\":\"https:\/\/fonbuena.com\/pt-pt\/\",\"name\":\"Fonbuena\",\"description\":\"Distribuidor de preservativos Okamoto\",\"potentialAction\":[{\"@type\":\"SearchAction\",\"target\":{\"@type\":\"EntryPoint\",\"urlTemplate\":\"https:\/\/fonbuena.com\/pt-pt\/?s={search_term_string}\"},\"query-input\":{\"@type\":\"PropertyValueSpecification\",\"valueRequired\":true,\"valueName\":\"search_term_string\"}}],\"inLanguage\":\"pt-PT\"}]}<\/script>\n<!-- \/ Yoast SEO plugin. -->","yoast_head_json":{"title":"Pol\u00edtica de privacidad - Fonbuena","robots":{"index":"index","follow":"follow","max-snippet":"max-snippet:-1","max-image-preview":"max-image-preview:large","max-video-preview":"max-video-preview:-1"},"canonical":"https:\/\/fonbuena.com\/pt-pt\/politica-privacidad\/","og_locale":"pt_PT","og_type":"article","og_title":"Pol\u00edtica de privacidad - Fonbuena","og_url":"https:\/\/fonbuena.com\/pt-pt\/politica-privacidad\/","og_site_name":"Fonbuena","article_modified_time":"2025-09-23T14:03:26+00:00","twitter_card":"summary_large_image","twitter_misc":{"Tempo estimado de leitura":"18 minutos"},"schema":{"@context":"https:\/\/schema.org","@graph":[{"@type":"WebPage","@id":"https:\/\/fonbuena.com\/pt-pt\/politica-privacidad\/","url":"https:\/\/fonbuena.com\/pt-pt\/politica-privacidad\/","name":"Pol\u00edtica de privacidad - Fonbuena","isPartOf":{"@id":"https:\/\/fonbuena.com\/pt-pt\/#website"},"datePublished":"2025-06-12T10:21:06+00:00","dateModified":"2025-09-23T14:03:26+00:00","breadcrumb":{"@id":"https:\/\/fonbuena.com\/pt-pt\/politica-privacidad\/#breadcrumb"},"inLanguage":"pt-PT","potentialAction":[{"@type":"ReadAction","target":["https:\/\/fonbuena.com\/pt-pt\/politica-privacidad\/"]}]},{"@type":"BreadcrumbList","@id":"https:\/\/fonbuena.com\/pt-pt\/politica-privacidad\/#breadcrumb","itemListElement":[{"@type":"ListItem","position":1,"name":"Portada","item":"https:\/\/fonbuena.com\/pt-pt\/"},{"@type":"ListItem","position":2,"name":"Pol\u00edtica de privacidad"}]},{"@type":"WebSite","@id":"https:\/\/fonbuena.com\/pt-pt\/#website","url":"https:\/\/fonbuena.com\/pt-pt\/","name":"Fonbuena","description":"Distribuidor de preservativos Okamoto","potentialAction":[{"@type":"SearchAction","target":{"@type":"EntryPoint","urlTemplate":"https:\/\/fonbuena.com\/pt-pt\/?s={search_term_string}"},"query-input":{"@type":"PropertyValueSpecification","valueRequired":true,"valueName":"search_term_string"}}],"inLanguage":"pt-PT"}]}},"_links":{"self":[{"href":"https:\/\/fonbuena.com\/pt-pt\/wp-json\/wp\/v2\/pages\/474","targetHints":{"allow":["GET"]}}],"collection":[{"href":"https:\/\/fonbuena.com\/pt-pt\/wp-json\/wp\/v2\/pages"}],"about":[{"href":"https:\/\/fonbuena.com\/pt-pt\/wp-json\/wp\/v2\/types\/page"}],"author":[{"embeddable":true,"href":"https:\/\/fonbuena.com\/pt-pt\/wp-json\/wp\/v2\/users\/1"}],"replies":[{"embeddable":true,"href":"https:\/\/fonbuena.com\/pt-pt\/wp-json\/wp\/v2\/comments?post=474"}],"version-history":[{"count":2,"href":"https:\/\/fonbuena.com\/pt-pt\/wp-json\/wp\/v2\/pages\/474\/revisions"}],"predecessor-version":[{"id":567,"href":"https:\/\/fonbuena.com\/pt-pt\/wp-json\/wp\/v2\/pages\/474\/revisions\/567"}],"wp:attachment":[{"href":"https:\/\/fonbuena.com\/pt-pt\/wp-json\/wp\/v2\/media?parent=474"}],"curies":[{"name":"wp","href":"https:\/\/api.w.org\/{rel}","templated":true}]}}